{"id":123,"date":"2025-08-15T22:24:07","date_gmt":"2025-08-15T22:24:07","guid":{"rendered":"https:\/\/theupdate.wpenginepowered.com\/?page_id=123"},"modified":"2025-10-25T23:01:59","modified_gmt":"2025-10-25T23:01:59","slug":"acerca-de","status":"publish","type":"page","link":"https:\/\/theupdateonline.com\/es\/about\/","title":{"rendered":"Acerca de"},"content":{"rendered":"<div data-elementor-type=\"wp-page\" data-elementor-id=\"123\" class=\"elementor elementor-123\" data-elementor-post-type=\"page\">\n\t\t\t\t<div class=\"elementor-element elementor-element-ab665ca e-flex e-con-boxed e-con e-parent\" data-id=\"ab665ca\" data-element_type=\"container\" data-e-type=\"container\" data-settings=\"{&quot;jet_parallax_layout_list&quot;:[]}\">\n\t\t\t\t\t<div class=\"e-con-inner\">\n\t\t\t\t<div class=\"elementor-element elementor-element-4536263 elementor-widget elementor-widget-heading\" data-id=\"4536263\" data-element_type=\"widget\" data-e-type=\"widget\" data-widget_type=\"heading.default\">\n\t\t\t\t\t<h2 class=\"elementor-heading-title elementor-size-default\">Acerca de la actualizaci\u00f3n<\/h2>\t\t\t\t<\/div>\n\t\t\t\t<div class=\"elementor-element elementor-element-c51b303 elementor-widget elementor-widget-text-editor\" data-id=\"c51b303\" data-element_type=\"widget\" data-e-type=\"widget\" data-widget_type=\"text-editor.default\">\n\t\t\t\t\t\t\t\t\t<p><span style=\"font-weight: 400;\">Deportes. Entretenimiento. Filtros Cero. 100% Alimentado por ventilador.<\/span><\/p>\t\t\t\t\t\t\t\t<\/div>\n\t\t\t\t<div class=\"elementor-element elementor-element-d015407 elementor-widget elementor-widget-text-editor\" data-id=\"d015407\" data-element_type=\"widget\" data-e-type=\"widget\" data-widget_type=\"text-editor.default\">\n\t\t\t\t\t\t\t\t\t<p><span style=\"font-weight: 400;\">Bienvenido a The Update, un sitio hecho por fans, para fans. No somos periodistas. No tenemos pases de prensa ni ruedas de prensa a las que asistir. S\u00f3lo somos un grupo de aficionados obsesionados con los deportes y las pantallas que decidieron crear un sitio web en lugar de gritar al vac\u00edo (aunque eso tambi\u00e9n lo seguimos haciendo).<\/span><\/p>\t\t\t\t\t\t\t\t<\/div>\n\t\t\t\t<div class=\"elementor-element elementor-element-df79995 elementor-widget elementor-widget-text-editor\" data-id=\"df79995\" data-element_type=\"widget\" data-e-type=\"widget\" data-widget_type=\"text-editor.default\">\n\t\t\t\t\t\t\t\t\t<p><span style=\"font-weight: 400;\">S\u00ed, el f\u00fatbol es nuestra religi\u00f3n (sobre todo la Premier League, lo siento por los aficionados a los dardos), pero estaremos encantados de charlar sobre cricket, tenis, F1 o cualquier actividad que implique una pelota, una raqueta o la expulsi\u00f3n de alguien. Piense en nosotros como si fu\u00e9ramos su tertulia de grupo en un d\u00eda de partido: apasionados, a veces ca\u00f3ticos, pero siempre al grano.<\/span><\/p>\t\t\t\t\t\t\t\t<\/div>\n\t\t\t\t<div class=\"elementor-element elementor-element-17a006f elementor-widget elementor-widget-text-editor\" data-id=\"17a006f\" data-element_type=\"widget\" data-e-type=\"widget\" data-widget_type=\"text-editor.default\">\n\t\t\t\t\t\t\t\t\t<p><span style=\"font-weight: 400;\">\u00bfY cuando suene el pitido final? Pasamos a la siguiente obsesi\u00f3n. \u00bfUn atrac\u00f3n de Netflix? S\u00ed. \u00bfMaratones de cine? De serie. Nuestro fundador lee la revista Empire religiosamente desde los a\u00f1os 90 y una vez llor\u00f3 durante The Dark Knight Rises. <\/span><b>(Ed - Tengo alergias. Hab\u00eda mucho polvo) <\/b><span style=\"font-weight: 400;\">- Naturalmente, tenemos una secci\u00f3n entera dedicada al cine y la televisi\u00f3n. Aqu\u00ed encontrar\u00e1s opiniones, listas, desvar\u00edos y alg\u00fan que otro spoiler (o no, seg\u00fan nos apetezca).<\/span><\/p>\t\t\t\t\t\t\t\t<\/div>\n\t\t\t\t<div class=\"elementor-element elementor-element-5b2c562 elementor-widget elementor-widget-heading\" data-id=\"5b2c562\" data-element_type=\"widget\" data-e-type=\"widget\" data-widget_type=\"heading.default\">\n\t\t\t\t\t<h2 class=\"elementor-heading-title elementor-size-default\">El equipo<\/h2>\t\t\t\t<\/div>\n\t\t\t\t<div class=\"elementor-element elementor-element-e3aa7d8 elementor-widget elementor-widget-text-editor\" data-id=\"e3aa7d8\" data-element_type=\"widget\" data-e-type=\"widget\" data-widget_type=\"text-editor.default\">\n\t\t\t\t\t\t\t\t\t<p><span style=\"font-weight: 400;\">Ahora mismo, somos un peque\u00f1o pero ca\u00f3tico grupo de fans a los que les encanta gritar al vac\u00edo. El sitio fue lanzado por alguien que una vez construy\u00f3 una hoja de c\u00e1lculo clasificando cada pel\u00edcula del MCU por da\u00f1o emocional. Naturalmente, las cosas se convirtieron en un sitio web en toda regla.<\/span><\/p>\t\t\t\t\t\t\t\t<\/div>\n\t\t\t\t<div class=\"elementor-element elementor-element-5a796f2 elementor-widget elementor-widget-text-editor\" data-id=\"5a796f2\" data-element_type=\"widget\" data-e-type=\"widget\" data-widget_type=\"text-editor.default\">\n\t\t\t\t\t\t\t\t\t<p><span style=\"font-weight: 400;\">Conocer\u00e1s a escritores como The Arsenal Addict y The Red Devil Ranter, que convierten la rivalidad futbol\u00edstica en un arte (o, al menos, en un colapso muy entretenido). Pronto se unir\u00e1n m\u00e1s voces, que despotricar\u00e1n, criticar\u00e1n y reaccionar\u00e1n en tiempo real a medida que se desarrolla el mundo del deporte y del streaming.<\/span><\/p>\t\t\t\t\t\t\t\t<\/div>\n\t\t\t\t<div class=\"elementor-element elementor-element-6e2b22d elementor-widget elementor-widget-text-editor\" data-id=\"6e2b22d\" data-element_type=\"widget\" data-e-type=\"widget\" data-widget_type=\"text-editor.default\">\n\t\t\t\t\t\t\t\t\t<p><span style=\"font-weight: 400;\">\u00bfC\u00f3mo vamos a cubrir todo esto? Sinceramente, ni idea. Pero eso es lo divertido. Lo vamos construyendo sobre la marcha, improvisando, debatiendo, creando. Y queremos que nos acompa\u00f1es.<\/span><\/p>\t\t\t\t\t\t\t\t<\/div>\n\t\t\t\t<div class=\"elementor-element elementor-element-9fe924c elementor-widget elementor-widget-text-editor\" data-id=\"9fe924c\" data-element_type=\"widget\" data-e-type=\"widget\" data-widget_type=\"text-editor.default\">\n\t\t\t\t\t\t\t\t\t<p><span style=\"font-weight: 400;\">As\u00ed que abr\u00f3chate el cintur\u00f3n, suscr\u00edbete, marca como favorito o simplemente haz rage-scroll.<\/span><\/p>\t\t\t\t\t\t\t\t<\/div>\n\t\t\t\t<div class=\"elementor-element elementor-element-22457ed elementor-widget elementor-widget-text-editor\" data-id=\"22457ed\" data-element_type=\"widget\" data-e-type=\"widget\" data-widget_type=\"text-editor.default\">\n\t\t\t\t\t\t\t\t\t<p><span style=\"font-weight: 400;\">Esto es The Update. Sin trajes. Sin palabrer\u00eda. S\u00f3lo pasi\u00f3n, p\u00edxeles y muchos gritos.<\/span><\/p>\t\t\t\t\t\t\t\t<\/div>\n\t\t\t\t\t<\/div>\n\t\t\t\t<\/div>\n\t\t\t\t<\/div>","protected":false},"excerpt":{"rendered":"<p>About The Update Sports. Entertainment. Zero Filters. 100% Fan-Fuelled. Welcome to The Update, a site made by fans, for fans. We\u2019re not journalists. We don\u2019t have media passes or press conferences to attend. We\u2019re just a bunch of sports and screen-obsessed fans who decided to make a website instead of yelling into the void (though [&hellip;]<\/p>\n","protected":false},"author":1,"featured_media":0,"parent":0,"menu_order":0,"comment_status":"closed","ping_status":"closed","template":"elementor_header_footer","meta":{"footnotes":""},"class_list":["post-123","page","type-page","status-publish","hentry"],"blocksy_meta":[],"_links":{"self":[{"href":"https:\/\/theupdateonline.com\/es\/wp-json\/wp\/v2\/pages\/123","targetHints":{"allow":["GET"]}}],"collection":[{"href":"https:\/\/theupdateonline.com\/es\/wp-json\/wp\/v2\/pages"}],"about":[{"href":"https:\/\/theupdateonline.com\/es\/wp-json\/wp\/v2\/types\/page"}],"author":[{"embeddable":true,"href":"https:\/\/theupdateonline.com\/es\/wp-json\/wp\/v2\/users\/1"}],"replies":[{"embeddable":true,"href":"https:\/\/theupdateonline.com\/es\/wp-json\/wp\/v2\/comments?post=123"}],"version-history":[{"count":0,"href":"https:\/\/theupdateonline.com\/es\/wp-json\/wp\/v2\/pages\/123\/revisions"}],"wp:attachment":[{"href":"https:\/\/theupdateonline.com\/es\/wp-json\/wp\/v2\/media?parent=123"}],"curies":[{"name":"wp","href":"https:\/\/api.w.org\/{rel}","templated":true}]}}