{"id":131,"date":"2025-08-15T22:28:15","date_gmt":"2025-08-15T22:28:15","guid":{"rendered":"https:\/\/theupdate.wpenginepowered.com\/?page_id=131"},"modified":"2025-10-25T23:03:48","modified_gmt":"2025-10-25T23:03:48","slug":"politica-de-cookies","status":"publish","type":"page","link":"https:\/\/theupdateonline.com\/es\/cookie-policy\/","title":{"rendered":"Pol\u00edtica de cookies"},"content":{"rendered":"<div data-elementor-type=\"wp-page\" data-elementor-id=\"131\" class=\"elementor elementor-131\" data-elementor-post-type=\"page\">\n\t\t\t\t<div class=\"elementor-element elementor-element-4cba7697 e-flex e-con-boxed e-con e-parent\" data-id=\"4cba7697\" data-element_type=\"container\" data-e-type=\"container\" data-settings=\"{&quot;jet_parallax_layout_list&quot;:[]}\">\n\t\t\t\t\t<div class=\"e-con-inner\">\n\t\t\t\t<div class=\"elementor-element elementor-element-660b6a1d elementor-widget elementor-widget-heading\" data-id=\"660b6a1d\" data-element_type=\"widget\" data-e-type=\"widget\" data-widget_type=\"heading.default\">\n\t\t\t\t\t<h2 class=\"elementor-heading-title elementor-size-default\">Pol\u00edtica de cookies de The Update Online<\/h2>\t\t\t\t<\/div>\n\t\t\t\t<div class=\"elementor-element elementor-element-1e47760b elementor-widget elementor-widget-heading\" data-id=\"1e47760b\" data-element_type=\"widget\" data-e-type=\"widget\" data-widget_type=\"heading.default\">\n\t\t\t\t\t<p class=\"elementor-heading-title elementor-size-default\">Fecha de entrada en vigor: 31\/07\/2025<\/p>\t\t\t\t<\/div>\n\t\t<div class=\"elementor-element elementor-element-452bba82 e-con-full e-flex e-con e-child\" data-id=\"452bba82\" data-element_type=\"container\" data-e-type=\"container\" data-settings=\"{&quot;jet_parallax_layout_list&quot;:[]}\">\n\t\t\t\t<div class=\"elementor-element elementor-element-733cd853 elementor-widget elementor-widget-heading\" data-id=\"733cd853\" data-element_type=\"widget\" data-e-type=\"widget\" data-widget_type=\"heading.default\">\n\t\t\t\t\t<h2 class=\"elementor-heading-title elementor-size-default\">1. \u00bfQu\u00e9 son las cookies?<\/h2>\t\t\t\t<\/div>\n\t\t\t\t<div class=\"elementor-element elementor-element-2f62e449 elementor-widget elementor-widget-text-editor\" data-id=\"2f62e449\" data-element_type=\"widget\" data-e-type=\"widget\" data-widget_type=\"text-editor.default\">\n\t\t\t\t\t\t\t\t\t<p><span style=\"font-weight: 400;\">Las cookies son peque\u00f1os archivos de texto que se almacenan en su dispositivo cuando visita nuestro sitio web. Nos ayudan a mejorar su experiencia recordando sus preferencias, analizando el tr\u00e1fico del sitio y ofreci\u00e9ndole contenidos personalizados.<\/span><\/p>\t\t\t\t\t\t\t\t<\/div>\n\t\t\t\t<div class=\"elementor-element elementor-element-122f72c3 elementor-widget elementor-widget-heading\" data-id=\"122f72c3\" data-element_type=\"widget\" data-e-type=\"widget\" data-widget_type=\"heading.default\">\n\t\t\t\t\t<h2 class=\"elementor-heading-title elementor-size-default\">2. C\u00f3mo utilizamos las cookies<\/h2>\t\t\t\t<\/div>\n\t\t\t\t<div class=\"elementor-element elementor-element-42bf0dd elementor-widget elementor-widget-text-editor\" data-id=\"42bf0dd\" data-element_type=\"widget\" data-e-type=\"widget\" data-widget_type=\"text-editor.default\">\n\t\t\t\t\t\t\t\t\t<p><span style=\"font-weight: 400;\">Utilizamos cookies para:<\/span><span style=\"font-weight: 400;\"><br \/><\/span><span style=\"font-weight: 400;\"> - Garantizar el correcto funcionamiento del sitio web<\/span><span style=\"font-weight: 400;\"><br \/><\/span><span style=\"font-weight: 400;\"> - Analizar el comportamiento de los visitantes y el rendimiento del sitio<\/span><span style=\"font-weight: 400;\"><br \/><\/span><span style=\"font-weight: 400;\"> - Personalizar contenidos y recomendaciones<\/span><span style=\"font-weight: 400;\"><br \/><\/span><span style=\"font-weight: 400;\"> - Entregar anuncios relevantes (si procede)<\/span><\/p>\t\t\t\t\t\t\t\t<\/div>\n\t\t\t\t<div class=\"elementor-element elementor-element-43a6a965 elementor-widget elementor-widget-heading\" data-id=\"43a6a965\" data-element_type=\"widget\" data-e-type=\"widget\" data-widget_type=\"heading.default\">\n\t\t\t\t\t<h2 class=\"elementor-heading-title elementor-size-default\">3. Tipos de cookies que utilizamos<\/h2>\t\t\t\t<\/div>\n\t\t\t\t<div class=\"elementor-element elementor-element-4b52c5a4 elementor-widget elementor-widget-text-editor\" data-id=\"4b52c5a4\" data-element_type=\"widget\" data-e-type=\"widget\" data-widget_type=\"text-editor.default\">\n\t\t\t\t\t\t\t\t\t<p><span style=\"font-weight: 400;\">Esencial: Necesario para la funcionalidad b\u00e1sica del sitio (por ejemplo, inicio de sesi\u00f3n, navegaci\u00f3n).<\/span><span style=\"font-weight: 400;\"><br \/><\/span><span style=\"font-weight: 400;\"> Rendimiento: Nos ayudan a comprender c\u00f3mo interact\u00faan los usuarios con el sitio<\/span><span style=\"font-weight: 400;\"><br \/><\/span><span style=\"font-weight: 400;\"> Funcional: Recordar las preferencias del usuario (por ejemplo, equipos favoritos, configuraci\u00f3n de v\u00eddeo).<\/span><span style=\"font-weight: 400;\"><br \/><\/span><span style=\"font-weight: 400;\"> Marketing: Ofrezca anuncios personalizados y realice un seguimiento de la eficacia de la campa\u00f1a (si procede).<\/span><\/p>\t\t\t\t\t\t\t\t<\/div>\n\t\t\t\t<div class=\"elementor-element elementor-element-4fa0645c elementor-widget elementor-widget-heading\" data-id=\"4fa0645c\" data-element_type=\"widget\" data-e-type=\"widget\" data-widget_type=\"heading.default\">\n\t\t\t\t\t<h2 class=\"elementor-heading-title elementor-size-default\">4. Cookies de terceros<\/h2>\t\t\t\t<\/div>\n\t\t\t\t<div class=\"elementor-element elementor-element-23d50f50 elementor-widget elementor-widget-text-editor\" data-id=\"23d50f50\" data-element_type=\"widget\" data-e-type=\"widget\" data-widget_type=\"text-editor.default\">\n\t\t\t\t\t\t\t\t\t<p><span style=\"font-weight: 400;\">Podemos utilizar servicios de terceros (por ejemplo, Google Analytics, YouTube, plugins de redes sociales) que instalan cookies en su dispositivo. Estas cookies se rigen por las respectivas pol\u00edticas de privacidad de terceros.<\/span><\/p>\t\t\t\t\t\t\t\t<\/div>\n\t\t\t\t<div class=\"elementor-element elementor-element-13c0bfdb elementor-widget elementor-widget-heading\" data-id=\"13c0bfdb\" data-element_type=\"widget\" data-e-type=\"widget\" data-widget_type=\"heading.default\">\n\t\t\t\t\t<h2 class=\"elementor-heading-title elementor-size-default\">5. Gesti\u00f3n de cookies<\/h2>\t\t\t\t<\/div>\n\t\t\t\t<div class=\"elementor-element elementor-element-45a5d354 elementor-widget elementor-widget-text-editor\" data-id=\"45a5d354\" data-element_type=\"widget\" data-e-type=\"widget\" data-widget_type=\"text-editor.default\">\n\t\t\t\t\t\t\t\t\t<p><span style=\"font-weight: 400;\">Puede controlar y eliminar las cookies a trav\u00e9s de la configuraci\u00f3n de su navegador. La mayor\u00eda de los navegadores le permiten:<\/span><span style=\"font-weight: 400;\"><br \/><\/span><span style=\"font-weight: 400;\"> - Bloquear todas las cookies<\/span><span style=\"font-weight: 400;\"><br \/><\/span><span style=\"font-weight: 400;\"> - Eliminar cookies existentes<\/span><span style=\"font-weight: 400;\"><br \/><\/span><span style=\"font-weight: 400;\"> - Establecer preferencias para determinados sitios web<\/span><\/p>\t\t\t\t\t\t\t\t<\/div>\n\t\t\t\t<div class=\"elementor-element elementor-element-1a857786 elementor-widget elementor-widget-heading\" data-id=\"1a857786\" data-element_type=\"widget\" data-e-type=\"widget\" data-widget_type=\"heading.default\">\n\t\t\t\t\t<h2 class=\"elementor-heading-title elementor-size-default\">6. Consentimiento<\/h2>\t\t\t\t<\/div>\n\t\t\t\t<div class=\"elementor-element elementor-element-3bd9992 elementor-widget elementor-widget-text-editor\" data-id=\"3bd9992\" data-element_type=\"widget\" data-e-type=\"widget\" data-widget_type=\"text-editor.default\">\n\t\t\t\t\t\t\t\t\t<p><span style=\"font-weight: 400;\">Cuando visite nuestro sitio por primera vez, ver\u00e1 un banner de cookies en el que se le pedir\u00e1 su consentimiento para utilizar cookies no esenciales. Puede actualizar sus preferencias en cualquier momento a trav\u00e9s de nuestro <a class=\"cky-banner-element\">P\u00e1gina de configuraci\u00f3n de cookies<\/a>.<br \/><\/span><\/p>\t\t\t\t\t\t\t\t<\/div>\n\t\t\t\t<div class=\"elementor-element elementor-element-69e665e1 elementor-widget elementor-widget-heading\" data-id=\"69e665e1\" data-element_type=\"widget\" data-e-type=\"widget\" data-widget_type=\"heading.default\">\n\t\t\t\t\t<h2 class=\"elementor-heading-title elementor-size-default\">7. Actualizaciones de esta pol\u00edtica<\/h2>\t\t\t\t<\/div>\n\t\t\t\t<div class=\"elementor-element elementor-element-3264765 elementor-widget elementor-widget-text-editor\" data-id=\"3264765\" data-element_type=\"widget\" data-e-type=\"widget\" data-widget_type=\"text-editor.default\">\n\t\t\t\t\t\t\t\t\t<p><span style=\"font-weight: 400;\">Podemos actualizar esta pol\u00edtica de vez en cuando. Los cambios se publicar\u00e1n en esta p\u00e1gina con una fecha de entrada en vigor actualizada.<\/span><\/p>\t\t\t\t\t\t\t\t<\/div>\n\t\t\t\t<\/div>\n\t\t\t\t\t<\/div>\n\t\t\t\t<\/div>\n\t\t\t\t<\/div>","protected":false},"excerpt":{"rendered":"<p>Cookie Policy for The Update Online Effective Date: 31\/07\/2025 1. What Are Cookies? Cookies are small text files stored on your device when you visit our website. They help us improve your experience by remembering your preferences, analyzing site traffic, and delivering personalized content. 2. How We Use Cookies We use cookies to: &#8211; Ensure [&hellip;]<\/p>\n","protected":false},"author":1,"featured_media":0,"parent":0,"menu_order":0,"comment_status":"closed","ping_status":"closed","template":"elementor_header_footer","meta":{"footnotes":""},"class_list":["post-131","page","type-page","status-publish","hentry"],"blocksy_meta":[],"_links":{"self":[{"href":"https:\/\/theupdateonline.com\/es\/wp-json\/wp\/v2\/pages\/131","targetHints":{"allow":["GET"]}}],"collection":[{"href":"https:\/\/theupdateonline.com\/es\/wp-json\/wp\/v2\/pages"}],"about":[{"href":"https:\/\/theupdateonline.com\/es\/wp-json\/wp\/v2\/types\/page"}],"author":[{"embeddable":true,"href":"https:\/\/theupdateonline.com\/es\/wp-json\/wp\/v2\/users\/1"}],"replies":[{"embeddable":true,"href":"https:\/\/theupdateonline.com\/es\/wp-json\/wp\/v2\/comments?post=131"}],"version-history":[{"count":0,"href":"https:\/\/theupdateonline.com\/es\/wp-json\/wp\/v2\/pages\/131\/revisions"}],"wp:attachment":[{"href":"https:\/\/theupdateonline.com\/es\/wp-json\/wp\/v2\/media?parent=131"}],"curies":[{"name":"wp","href":"https:\/\/api.w.org\/{rel}","templated":true}]}}